{"id":12,"date":"2019-11-08T20:41:40","date_gmt":"2019-11-08T20:41:40","guid":{"rendered":"http:\/\/deco-fleur.de\/?page_id=12"},"modified":"2020-04-21T18:43:08","modified_gmt":"2020-04-21T18:43:08","slug":"kontakt","status":"publish","type":"page","link":"https:\/\/www.deco-fleur.de\/?page_id=12","title":{"rendered":"Kontakt"},"content":{"rendered":"\n<p style=\"font-size:21px\"><em><strong>Deco &amp; Fleur<\/strong><\/em><\/p>\n\n\n\n<div class=\"wp-block-media-text alignwide has-media-on-the-right\"><figure class=\"wp-block-media-text__media\"><\/figure><div class=\"wp-block-media-text__content\">\n<p class=\"has-normal-font-size\"><strong><em> Inhabe<\/em><\/strong><em><strong>r: John Peerebooms<\/strong><\/em>  <\/p>\n\n\n\n<p class=\"has-normal-font-size\"><em><strong>Frankenstr. 19<\/strong><\/em>   <\/p>\n\n\n\n<p class=\"has-normal-font-size\"><em><strong>91<\/strong><\/em><em><strong>639 Wolframs &#8211; Eschenbach<\/strong><\/em>   <\/p>\n\n\n\n<p class=\"has-normal-font-size\"> <em><strong>Tel: 01702135992<\/strong><\/em>  <\/p>\n\n\n\n<p class=\"has-normal-font-size\"><strong><em>Fax: 09875 &#8211; 8129123<\/em><\/strong> <\/p>\n\n\n\n<p class=\"has-normal-font-size\"><strong><em>E-Mail: info@deco-fleur.de<\/em><\/strong><\/p>\n<\/div><\/div>\n\n\n\n<p class=\"has-normal-font-size\"><em><strong>Wir sind auch in WhatsApp oder \u00fcber <a href=\"https:\/\/www.facebook.com\/Deco-Fleur-1846704572303496\">Facebook<\/a> erreichbar f\u00fcr<\/strong><\/em><strong><em> Sie!<\/em><\/strong><\/p>\n\n\n\n<div style=\"height:36px\" aria-hidden=\"true\" class=\"wp-block-spacer\"><\/div>\n\n\n\n<h4 class=\"wp-block-heading\"><em>Gefunden was Sie suchen? Dann k\u00f6nnen Sie<\/em> <em>uns Ihre W\u00fcnsche auch direkt \u00fcber dieses Formular mitteilen:<\/em><\/h4>\n\n\n\n<div class=\"wpforms-container wpforms-container-full\" id=\"wpforms-854\"><form id=\"wpforms-form-854\" class=\"wpforms-validate wpforms-form\" data-formid=\"854\" method=\"post\" enctype=\"multipart\/form-data\" action=\"\/index.php?rest_route=%2Fwp%2Fv2%2Fpages%2F12\" data-token=\"21cb56de7a66b79f43dc99ae69bae354\" data-token-time=\"1776111389\"><noscript class=\"wpforms-error-noscript\">Bitte aktiviere JavaScript in deinem Browser, um dieses Formular fertigzustellen.<\/noscript><div class=\"wpforms-field-container\"><div id=\"wpforms-854-field_2-container\" class=\"wpforms-field wpforms-field-name\" data-field-id=\"2\"><label class=\"wpforms-field-label\">Ihr Name: <span class=\"wpforms-required-label\">*<\/span><\/label><div class=\"wpforms-field-row wpforms-field-medium\"><div class=\"wpforms-field-row-block wpforms-first wpforms-one-half\"><input type=\"text\" id=\"wpforms-854-field_2\" class=\"wpforms-field-name-first wpforms-field-required\" name=\"wpforms[fields][2][first]\" required><label for=\"wpforms-854-field_2\" class=\"wpforms-field-sublabel after\">Vorname<\/label><\/div><div class=\"wpforms-field-row-block wpforms-one-half\"><input type=\"text\" id=\"wpforms-854-field_2-last\" class=\"wpforms-field-name-last wpforms-field-required\" name=\"wpforms[fields][2][last]\" required><label for=\"wpforms-854-field_2-last\" class=\"wpforms-field-sublabel after\">Nachname<\/label><\/div><\/div><\/div><div id=\"wpforms-854-field_3-container\" class=\"wpforms-field wpforms-field-textarea\" data-field-id=\"3\"><label class=\"wpforms-field-label\" for=\"wpforms-854-field_3\">Ihre W\u00fcnsche: <span class=\"wpforms-required-label\">*<\/span><\/label><textarea id=\"wpforms-854-field_3\" class=\"wpforms-field-medium wpforms-field-required\" name=\"wpforms[fields][3]\" required><\/textarea><div class=\"wpforms-field-description\">Hier k\u00f6nnen Sie beschreiben, was Sie suchen, zum Beispiel um welchen Anlass es geht oder wer der Empf\u00e4nger ist. So k\u00f6nnen wir bei der Beratung gezielt darauf eingehen.<\/div><\/div><div id=\"wpforms-854-field_7-container\" class=\"wpforms-field wpforms-field-email\" data-field-id=\"7\"><label class=\"wpforms-field-label\" for=\"wpforms-854-field_7\">Ihre E-Mail Adresse: <span class=\"wpforms-required-label\">*<\/span><\/label><input type=\"email\" id=\"wpforms-854-field_7\" class=\"wpforms-field-medium wpforms-field-required\" name=\"wpforms[fields][7]\" spellcheck=\"false\" required><div class=\"wpforms-field-description\">\u00dcber Ihre E-Mail nehmen wir mit Ihnen Kontakt auf, um die Details ihrer Bestellung zu besprechen.<\/div><\/div><div id=\"wpforms-854-field_6-container\" class=\"wpforms-field wpforms-field-text\" data-field-id=\"6\"><label class=\"wpforms-field-label\" for=\"wpforms-854-field_6\">Ihre Telefonnummer:<\/label><input type=\"text\" id=\"wpforms-854-field_6\" class=\"wpforms-field-medium\" name=\"wpforms[fields][6]\" ><div class=\"wpforms-field-description\">Falls Sie lieber telefonisch kontaktiert werden wollen, k\u00f6nnen Sie hier Ihre Telefonnummer eintragen. Sonst lassen Sie das Feld einfach frei.<\/div><\/div><div id=\"wpforms-854-field_8-container\" class=\"wpforms-field wpforms-field-textarea\" data-field-id=\"8\"><label class=\"wpforms-field-label\" for=\"wpforms-854-field_8\">Sonstiges<\/label><textarea id=\"wpforms-854-field_8\" class=\"wpforms-field-medium\" name=\"wpforms[fields][8]\" ><\/textarea><div class=\"wpforms-field-description\">Liegt Ihnen noch etwas auf dem Herzen? Dann k\u00f6nnen Sie es hier eintragen.<\/div><\/div><\/div><!-- .wpforms-field-container --><div class=\"wpforms-field wpforms-field-hp\"><label for=\"wpforms-854-field-hp\" class=\"wpforms-field-label\">Message<\/label><input type=\"text\" name=\"wpforms[hp]\" id=\"wpforms-854-field-hp\" class=\"wpforms-field-medium\"><\/div><div class=\"wpforms-submit-container\" ><input type=\"hidden\" name=\"wpforms[id]\" value=\"854\"><input type=\"hidden\" name=\"page_title\" value=\"\"><input type=\"hidden\" name=\"page_url\" value=\"https:\/\/www.deco-fleur.de\/index.php?rest_route=\/wp\/v2\/pages\/12\"><input type=\"hidden\" name=\"url_referer\" value=\"\"><button type=\"submit\" name=\"wpforms[submit]\" id=\"wpforms-submit-854\" class=\"wpforms-submit\" data-alt-text=\"Senden...\" data-submit-text=\"Absenden\" aria-live=\"assertive\" value=\"wpforms-submit\">Absenden<\/button><\/div><\/form><\/div>  <!-- .wpforms-container -->\n\n\n\n\n<p><\/p>\n","protected":false},"excerpt":{"rendered":"<p>Deco &amp; Fleur Inhaber: John Peerebooms Frankenstr. 19 91639 Wolframs &#8211; Eschenbach Tel: 01702135992 Fax: 09875 &#8211; 8129123 E-Mail: info@deco-fleur.de Wir sind auch in WhatsApp oder \u00fcber Facebook erreichbar f\u00fcr Sie! Gefunden was Sie suchen? Dann k\u00f6nnen Sie uns Ihre W\u00fcnsche auch direkt \u00fcber dieses Formular mitteilen:<\/p>\n","protected":false},"author":1,"featured_media":0,"parent":0,"menu_order":0,"comment_status":"closed","ping_status":"closed","template":"","meta":{"_monsterinsights_skip_tracking":false,"_monsterinsights_sitenote_active":false,"_monsterinsights_sitenote_note":"","_monsterinsights_sitenote_category":0,"ngg_post_thumbnail":0,"footnotes":""},"class_list":["post-12","page","type-page","status-publish","hentry"],"_links":{"self":[{"href":"https:\/\/www.deco-fleur.de\/index.php?rest_route=\/wp\/v2\/pages\/12","targetHints":{"allow":["GET"]}}],"collection":[{"href":"https:\/\/www.deco-fleur.de\/index.php?rest_route=\/wp\/v2\/pages"}],"about":[{"href":"https:\/\/www.deco-fleur.de\/index.php?rest_route=\/wp\/v2\/types\/page"}],"author":[{"embeddable":true,"href":"https:\/\/www.deco-fleur.de\/index.php?rest_route=\/wp\/v2\/users\/1"}],"replies":[{"embeddable":true,"href":"https:\/\/www.deco-fleur.de\/index.php?rest_route=%2Fwp%2Fv2%2Fcomments&post=12"}],"version-history":[{"count":20,"href":"https:\/\/www.deco-fleur.de\/index.php?rest_route=\/wp\/v2\/pages\/12\/revisions"}],"predecessor-version":[{"id":860,"href":"https:\/\/www.deco-fleur.de\/index.php?rest_route=\/wp\/v2\/pages\/12\/revisions\/860"}],"wp:attachment":[{"href":"https:\/\/www.deco-fleur.de\/index.php?rest_route=%2Fwp%2Fv2%2Fmedia&parent=12"}],"curies":[{"name":"wp","href":"https:\/\/api.w.org\/{rel}","templated":true}]}}