{"id":824,"date":"2020-04-17T20:01:33","date_gmt":"2020-04-17T20:01:33","guid":{"rendered":"http:\/\/www.deco-fleur.de\/?page_id=824"},"modified":"2020-04-17T20:01:34","modified_gmt":"2020-04-17T20:01:34","slug":"dekoratives","status":"publish","type":"page","link":"https:\/\/www.deco-fleur.de\/?page_id=824","title":{"rendered":"Dekoratives"},"content":{"rendered":"\n<div class=\"wp-block-media-text alignwide\" style=\"grid-template-columns:15% auto\"><figure class=\"wp-block-media-text__media\"><img decoding=\"async\" src=\"https:\/\/www.deco-fleur.de\/wp-content\/uploads\/2019\/12\/IMG_8617-1.jpg\" alt=\"\" class=\"wp-image-525\"\/><\/figure><div class=\"wp-block-media-text__content\">\n<p style=\"font-size:17px\"><em>Erst Dekorationen machen das Haus so richtig gem\u00fctlich. <\/em><\/p>\n\n\n\n<p style=\"font-size:17px\"><em>Ob zarte Bl\u00fcten im Fr\u00fchling oder stimmungsvolle Weihnachtsdeko: Bei uns bekommen sie liebevoll selbstgemachte Dekoration f\u00fcr Ihr Zuhause.<\/em><\/p>\n\n\n\n<p><\/p>\n<\/div><\/div>\n","protected":false},"excerpt":{"rendered":"<p>Erst Dekorationen machen das Haus so richtig gem\u00fctlich. Ob zarte Bl\u00fcten im Fr\u00fchling oder stimmungsvolle Weihnachtsdeko: Bei uns bekommen sie liebevoll selbstgemachte Dekoration f\u00fcr Ihr Zuhause.<\/p>\n","protected":false},"author":1,"featured_media":0,"parent":0,"menu_order":0,"comment_status":"closed","ping_status":"closed","template":"","meta":{"_monsterinsights_skip_tracking":false,"_monsterinsights_sitenote_active":false,"_monsterinsights_sitenote_note":"","_monsterinsights_sitenote_category":0,"ngg_post_thumbnail":0,"footnotes":""},"class_list":["post-824","page","type-page","status-publish","hentry"],"_links":{"self":[{"href":"https:\/\/www.deco-fleur.de\/index.php?rest_route=\/wp\/v2\/pages\/824","targetHints":{"allow":["GET"]}}],"collection":[{"href":"https:\/\/www.deco-fleur.de\/index.php?rest_route=\/wp\/v2\/pages"}],"about":[{"href":"https:\/\/www.deco-fleur.de\/index.php?rest_route=\/wp\/v2\/types\/page"}],"author":[{"embeddable":true,"href":"https:\/\/www.deco-fleur.de\/index.php?rest_route=\/wp\/v2\/users\/1"}],"replies":[{"embeddable":true,"href":"https:\/\/www.deco-fleur.de\/index.php?rest_route=%2Fwp%2Fv2%2Fcomments&post=824"}],"version-history":[{"count":2,"href":"https:\/\/www.deco-fleur.de\/index.php?rest_route=\/wp\/v2\/pages\/824\/revisions"}],"predecessor-version":[{"id":826,"href":"https:\/\/www.deco-fleur.de\/index.php?rest_route=\/wp\/v2\/pages\/824\/revisions\/826"}],"wp:attachment":[{"href":"https:\/\/www.deco-fleur.de\/index.php?rest_route=%2Fwp%2Fv2%2Fmedia&parent=824"}],"curies":[{"name":"wp","href":"https:\/\/api.w.org\/{rel}","templated":true}]}}