{"id":9,"date":"2019-11-08T20:41:40","date_gmt":"2019-11-08T20:41:40","guid":{"rendered":"http:\/\/deco-fleur.de\/?page_id=9"},"modified":"2020-04-17T19:49:05","modified_gmt":"2020-04-17T19:49:05","slug":"florales","status":"publish","type":"page","link":"https:\/\/www.deco-fleur.de\/?page_id=9","title":{"rendered":"Florales"},"content":{"rendered":"\n<h4 class=\"wp-block-heading\"><em><strong>Blumen sagen mehr als 1000 Worte<\/strong><\/em><\/h4>\n\n\n\n<div class=\"wp-block-media-text alignwide\" style=\"grid-template-columns:15% auto\"><figure class=\"wp-block-media-text__media\"><img loading=\"lazy\" decoding=\"async\" width=\"576\" height=\"1024\" src=\"http:\/\/deco-fleur.de\/wp-content\/uploads\/IMG-20161205-WA0003-576x1024.jpg\" alt=\"Herzgesteck\" class=\"wp-image-92\"\/><\/figure><div class=\"wp-block-media-text__content\">\n<p style=\"font-size:17px\"><em>Geburtstagsgru\u00df, Jubil\u00e4um, beruflicher Einstand oder liebevolles Dankesch\u00f6n, wir stelllen Ihnen den passenden Strau\u00df zusammen<\/em>. <\/p>\n\n\n\n<p><em>Wir beraten Sie gerne bei Blumenauswahl, Farben und Gestaltung. Jeder Strau\u00df ist individuell und einzigartig und mit Liebe f\u00fcr Sie gemacht<\/em>.&nbsp;\n\n<\/p>\n<\/div><\/div>\n","protected":false},"excerpt":{"rendered":"<p>Blumen sagen mehr als 1000 Worte<\/p>\n","protected":false},"author":1,"featured_media":0,"parent":0,"menu_order":0,"comment_status":"closed","ping_status":"closed","template":"","meta":{"_monsterinsights_skip_tracking":false,"_monsterinsights_sitenote_active":false,"_monsterinsights_sitenote_note":"","_monsterinsights_sitenote_category":0,"ngg_post_thumbnail":0,"footnotes":""},"class_list":["post-9","page","type-page","status-publish","hentry"],"_links":{"self":[{"href":"https:\/\/www.deco-fleur.de\/index.php?rest_route=\/wp\/v2\/pages\/9","targetHints":{"allow":["GET"]}}],"collection":[{"href":"https:\/\/www.deco-fleur.de\/index.php?rest_route=\/wp\/v2\/pages"}],"about":[{"href":"https:\/\/www.deco-fleur.de\/index.php?rest_route=\/wp\/v2\/types\/page"}],"author":[{"embeddable":true,"href":"https:\/\/www.deco-fleur.de\/index.php?rest_route=\/wp\/v2\/users\/1"}],"replies":[{"embeddable":true,"href":"https:\/\/www.deco-fleur.de\/index.php?rest_route=%2Fwp%2Fv2%2Fcomments&post=9"}],"version-history":[{"count":16,"href":"https:\/\/www.deco-fleur.de\/index.php?rest_route=\/wp\/v2\/pages\/9\/revisions"}],"predecessor-version":[{"id":822,"href":"https:\/\/www.deco-fleur.de\/index.php?rest_route=\/wp\/v2\/pages\/9\/revisions\/822"}],"wp:attachment":[{"href":"https:\/\/www.deco-fleur.de\/index.php?rest_route=%2Fwp%2Fv2%2Fmedia&parent=9"}],"curies":[{"name":"wp","href":"https:\/\/api.w.org\/{rel}","templated":true}]}}