{"id":913,"date":"2020-10-06T11:13:02","date_gmt":"2020-10-06T11:13:02","guid":{"rendered":"http:\/\/www.deco-fleur.de\/?page_id=913"},"modified":"2020-10-06T11:13:03","modified_gmt":"2020-10-06T11:13:03","slug":"neue-weihnachtsdeko","status":"publish","type":"page","link":"https:\/\/www.deco-fleur.de\/?page_id=913","title":{"rendered":"Neue Weihnachtsdeko"},"content":{"rendered":"\n<h2 class=\"wp-block-heading\"><em>Tolle Wohnraumdeko f\u00fcr die festlichen Tage.<\/em><\/h2>\n\n\n\n<p>Die Auswahl an Schwibb\u00f6gen, Stimmungsleuchten, Schneekugeln usw. sind Beleuchtet und haben zum teil eine Busche mit der man die Beleuchtung \u00fcber die Steckdose mit Strom versorgen kann, einen passenden Netzadapter ist auf erh\u00e4ltlich.<\/p>\n\n\n\n<figure class=\"wp-block-gallery columns-3 is-cropped wp-block-gallery-1 is-layout-flex wp-block-gallery-is-layout-flex\"><ul class=\"blocks-gallery-grid\"><li class=\"blocks-gallery-item\"><figure><img decoding=\"async\" src=\"https:\/\/www.deco-fleur.de\/wp-content\/uploads\/2020\/10\/IMG_1663-1024x768.jpg\" alt=\"\" data-id=\"909\" data-full-url=\"https:\/\/www.deco-fleur.de\/wp-content\/uploads\/2020\/10\/IMG_1663-scaled.jpg\" data-link=\"https:\/\/www.deco-fleur.de\/?attachment_id=909\" class=\"wp-image-909\"\/><\/figure><\/li><li class=\"blocks-gallery-item\"><figure><img loading=\"lazy\" decoding=\"async\" width=\"1024\" height=\"768\" src=\"https:\/\/www.deco-fleur.de\/wp-content\/uploads\/2020\/10\/IMG_1659-1024x768.jpg\" alt=\"\" data-id=\"908\" data-full-url=\"https:\/\/www.deco-fleur.de\/wp-content\/uploads\/2020\/10\/IMG_1659-scaled.jpg\" data-link=\"https:\/\/www.deco-fleur.de\/?attachment_id=908\" class=\"wp-image-908\" srcset=\"https:\/\/www.deco-fleur.de\/wp-content\/uploads\/2020\/10\/IMG_1659-1024x768.jpg 1024w, https:\/\/www.deco-fleur.de\/wp-content\/uploads\/2020\/10\/IMG_1659-300x225.jpg 300w, https:\/\/www.deco-fleur.de\/wp-content\/uploads\/2020\/10\/IMG_1659-150x113.jpg 150w, https:\/\/www.deco-fleur.de\/wp-content\/uploads\/2020\/10\/IMG_1659-768x576.jpg 768w, https:\/\/www.deco-fleur.de\/wp-content\/uploads\/2020\/10\/IMG_1659-1536x1152.jpg 1536w, https:\/\/www.deco-fleur.de\/wp-content\/uploads\/2020\/10\/IMG_1659-2048x1536.jpg 2048w, https:\/\/www.deco-fleur.de\/wp-content\/uploads\/2020\/10\/IMG_1659-80x60.jpg 80w\" sizes=\"auto, (max-width: 1024px) 100vw, 1024px\" \/><\/figure><\/li><li class=\"blocks-gallery-item\"><figure><img decoding=\"async\" src=\"https:\/\/www.deco-fleur.de\/wp-content\/uploads\/2020\/10\/IMG_1657-1024x768.jpg\" alt=\"\" data-id=\"907\" data-full-url=\"https:\/\/www.deco-fleur.de\/wp-content\/uploads\/2020\/10\/IMG_1657-scaled.jpg\" data-link=\"https:\/\/www.deco-fleur.de\/?attachment_id=907\" class=\"wp-image-907\"\/><\/figure><\/li><li class=\"blocks-gallery-item\"><figure><img decoding=\"async\" src=\"https:\/\/www.deco-fleur.de\/wp-content\/uploads\/2020\/10\/IMG_1655-768x1024.jpg\" alt=\"\" data-id=\"905\" data-full-url=\"https:\/\/www.deco-fleur.de\/wp-content\/uploads\/2020\/10\/IMG_1655-scaled.jpg\" data-link=\"https:\/\/www.deco-fleur.de\/?attachment_id=905\" class=\"wp-image-905\"\/><\/figure><\/li><li class=\"blocks-gallery-item\"><figure><img loading=\"lazy\" decoding=\"async\" width=\"768\" height=\"1024\" src=\"https:\/\/www.deco-fleur.de\/wp-content\/uploads\/2020\/10\/IMG_1653-768x1024.jpg\" alt=\"\" data-id=\"904\" data-full-url=\"https:\/\/www.deco-fleur.de\/wp-content\/uploads\/2020\/10\/IMG_1653-scaled.jpg\" data-link=\"https:\/\/www.deco-fleur.de\/?attachment_id=904\" class=\"wp-image-904\" srcset=\"https:\/\/www.deco-fleur.de\/wp-content\/uploads\/2020\/10\/IMG_1653-768x1024.jpg 768w, https:\/\/www.deco-fleur.de\/wp-content\/uploads\/2020\/10\/IMG_1653-225x300.jpg 225w, https:\/\/www.deco-fleur.de\/wp-content\/uploads\/2020\/10\/IMG_1653-113x150.jpg 113w, https:\/\/www.deco-fleur.de\/wp-content\/uploads\/2020\/10\/IMG_1653-1152x1536.jpg 1152w, https:\/\/www.deco-fleur.de\/wp-content\/uploads\/2020\/10\/IMG_1653-1536x2048.jpg 1536w, https:\/\/www.deco-fleur.de\/wp-content\/uploads\/2020\/10\/IMG_1653-45x60.jpg 45w, https:\/\/www.deco-fleur.de\/wp-content\/uploads\/2020\/10\/IMG_1653-scaled.jpg 1920w\" sizes=\"auto, (max-width: 768px) 100vw, 768px\" \/><\/figure><\/li><li class=\"blocks-gallery-item\"><figure><img loading=\"lazy\" decoding=\"async\" width=\"1024\" height=\"768\" src=\"https:\/\/www.deco-fleur.de\/wp-content\/uploads\/2020\/10\/IMG_1652-1024x768.jpg\" alt=\"\" data-id=\"903\" data-full-url=\"https:\/\/www.deco-fleur.de\/wp-content\/uploads\/2020\/10\/IMG_1652-scaled.jpg\" data-link=\"https:\/\/www.deco-fleur.de\/?attachment_id=903\" class=\"wp-image-903\" srcset=\"https:\/\/www.deco-fleur.de\/wp-content\/uploads\/2020\/10\/IMG_1652-1024x768.jpg 1024w, https:\/\/www.deco-fleur.de\/wp-content\/uploads\/2020\/10\/IMG_1652-300x225.jpg 300w, https:\/\/www.deco-fleur.de\/wp-content\/uploads\/2020\/10\/IMG_1652-150x113.jpg 150w, https:\/\/www.deco-fleur.de\/wp-content\/uploads\/2020\/10\/IMG_1652-768x576.jpg 768w, https:\/\/www.deco-fleur.de\/wp-content\/uploads\/2020\/10\/IMG_1652-1536x1152.jpg 1536w, https:\/\/www.deco-fleur.de\/wp-content\/uploads\/2020\/10\/IMG_1652-2048x1536.jpg 2048w, https:\/\/www.deco-fleur.de\/wp-content\/uploads\/2020\/10\/IMG_1652-80x60.jpg 80w\" sizes=\"auto, (max-width: 1024px) 100vw, 1024px\" \/><\/figure><\/li><li class=\"blocks-gallery-item\"><figure><img loading=\"lazy\" decoding=\"async\" width=\"1024\" height=\"768\" src=\"https:\/\/www.deco-fleur.de\/wp-content\/uploads\/2020\/10\/IMG_1648-1024x768.jpg\" alt=\"\" data-id=\"902\" data-full-url=\"https:\/\/www.deco-fleur.de\/wp-content\/uploads\/2020\/10\/IMG_1648-scaled.jpg\" data-link=\"https:\/\/www.deco-fleur.de\/?attachment_id=902\" class=\"wp-image-902\" srcset=\"https:\/\/www.deco-fleur.de\/wp-content\/uploads\/2020\/10\/IMG_1648-1024x768.jpg 1024w, https:\/\/www.deco-fleur.de\/wp-content\/uploads\/2020\/10\/IMG_1648-300x225.jpg 300w, https:\/\/www.deco-fleur.de\/wp-content\/uploads\/2020\/10\/IMG_1648-150x113.jpg 150w, https:\/\/www.deco-fleur.de\/wp-content\/uploads\/2020\/10\/IMG_1648-768x576.jpg 768w, https:\/\/www.deco-fleur.de\/wp-content\/uploads\/2020\/10\/IMG_1648-1536x1152.jpg 1536w, https:\/\/www.deco-fleur.de\/wp-content\/uploads\/2020\/10\/IMG_1648-2048x1536.jpg 2048w, https:\/\/www.deco-fleur.de\/wp-content\/uploads\/2020\/10\/IMG_1648-80x60.jpg 80w\" sizes=\"auto, (max-width: 1024px) 100vw, 1024px\" \/><\/figure><\/li><li class=\"blocks-gallery-item\"><figure><img decoding=\"async\" src=\"https:\/\/www.deco-fleur.de\/wp-content\/uploads\/2020\/10\/IMG_1647-768x1024.jpg\" alt=\"\" data-id=\"901\" data-full-url=\"https:\/\/www.deco-fleur.de\/wp-content\/uploads\/2020\/10\/IMG_1647-scaled.jpg\" data-link=\"https:\/\/www.deco-fleur.de\/?attachment_id=901\" class=\"wp-image-901\"\/><\/figure><\/li><li class=\"blocks-gallery-item\"><figure><img loading=\"lazy\" decoding=\"async\" width=\"1024\" height=\"768\" src=\"https:\/\/www.deco-fleur.de\/wp-content\/uploads\/2020\/10\/IMG_1646-1024x768.jpg\" alt=\"\" data-id=\"900\" data-full-url=\"https:\/\/www.deco-fleur.de\/wp-content\/uploads\/2020\/10\/IMG_1646-scaled.jpg\" data-link=\"https:\/\/www.deco-fleur.de\/?attachment_id=900\" class=\"wp-image-900\" srcset=\"https:\/\/www.deco-fleur.de\/wp-content\/uploads\/2020\/10\/IMG_1646-1024x768.jpg 1024w, https:\/\/www.deco-fleur.de\/wp-content\/uploads\/2020\/10\/IMG_1646-300x225.jpg 300w, https:\/\/www.deco-fleur.de\/wp-content\/uploads\/2020\/10\/IMG_1646-150x113.jpg 150w, https:\/\/www.deco-fleur.de\/wp-content\/uploads\/2020\/10\/IMG_1646-768x576.jpg 768w, https:\/\/www.deco-fleur.de\/wp-content\/uploads\/2020\/10\/IMG_1646-1536x1152.jpg 1536w, https:\/\/www.deco-fleur.de\/wp-content\/uploads\/2020\/10\/IMG_1646-2048x1536.jpg 2048w, https:\/\/www.deco-fleur.de\/wp-content\/uploads\/2020\/10\/IMG_1646-80x60.jpg 80w\" sizes=\"auto, (max-width: 1024px) 100vw, 1024px\" \/><\/figure><\/li><li class=\"blocks-gallery-item\"><figure><img decoding=\"async\" src=\"https:\/\/www.deco-fleur.de\/wp-content\/uploads\/2020\/10\/IMG_1645-768x1024.jpg\" alt=\"\" data-id=\"899\" data-full-url=\"https:\/\/www.deco-fleur.de\/wp-content\/uploads\/2020\/10\/IMG_1645-scaled.jpg\" data-link=\"https:\/\/www.deco-fleur.de\/?attachment_id=899\" class=\"wp-image-899\"\/><\/figure><\/li><li class=\"blocks-gallery-item\"><figure><img decoding=\"async\" src=\"https:\/\/www.deco-fleur.de\/wp-content\/uploads\/2020\/10\/IMG_1644-1024x768.jpg\" alt=\"\" data-id=\"898\" data-full-url=\"https:\/\/www.deco-fleur.de\/wp-content\/uploads\/2020\/10\/IMG_1644-scaled.jpg\" data-link=\"https:\/\/www.deco-fleur.de\/?attachment_id=898\" class=\"wp-image-898\"\/><\/figure><\/li><li class=\"blocks-gallery-item\"><figure><img loading=\"lazy\" decoding=\"async\" width=\"1024\" height=\"768\" src=\"https:\/\/www.deco-fleur.de\/wp-content\/uploads\/2020\/10\/IMG_1643-1024x768.jpg\" alt=\"\" data-id=\"897\" data-full-url=\"https:\/\/www.deco-fleur.de\/wp-content\/uploads\/2020\/10\/IMG_1643-scaled.jpg\" data-link=\"https:\/\/www.deco-fleur.de\/?attachment_id=897\" class=\"wp-image-897\" srcset=\"https:\/\/www.deco-fleur.de\/wp-content\/uploads\/2020\/10\/IMG_1643-1024x768.jpg 1024w, https:\/\/www.deco-fleur.de\/wp-content\/uploads\/2020\/10\/IMG_1643-300x225.jpg 300w, https:\/\/www.deco-fleur.de\/wp-content\/uploads\/2020\/10\/IMG_1643-150x113.jpg 150w, https:\/\/www.deco-fleur.de\/wp-content\/uploads\/2020\/10\/IMG_1643-768x576.jpg 768w, https:\/\/www.deco-fleur.de\/wp-content\/uploads\/2020\/10\/IMG_1643-1536x1152.jpg 1536w, https:\/\/www.deco-fleur.de\/wp-content\/uploads\/2020\/10\/IMG_1643-2048x1536.jpg 2048w, https:\/\/www.deco-fleur.de\/wp-content\/uploads\/2020\/10\/IMG_1643-80x60.jpg 80w\" sizes=\"auto, (max-width: 1024px) 100vw, 1024px\" \/><\/figure><\/li><li class=\"blocks-gallery-item\"><figure><img loading=\"lazy\" decoding=\"async\" width=\"1024\" height=\"768\" src=\"https:\/\/www.deco-fleur.de\/wp-content\/uploads\/2020\/10\/IMG_1642-1024x768.jpg\" alt=\"\" data-id=\"896\" data-full-url=\"https:\/\/www.deco-fleur.de\/wp-content\/uploads\/2020\/10\/IMG_1642-scaled.jpg\" data-link=\"https:\/\/www.deco-fleur.de\/?attachment_id=896\" class=\"wp-image-896\" srcset=\"https:\/\/www.deco-fleur.de\/wp-content\/uploads\/2020\/10\/IMG_1642-1024x768.jpg 1024w, https:\/\/www.deco-fleur.de\/wp-content\/uploads\/2020\/10\/IMG_1642-300x225.jpg 300w, https:\/\/www.deco-fleur.de\/wp-content\/uploads\/2020\/10\/IMG_1642-150x113.jpg 150w, https:\/\/www.deco-fleur.de\/wp-content\/uploads\/2020\/10\/IMG_1642-768x576.jpg 768w, https:\/\/www.deco-fleur.de\/wp-content\/uploads\/2020\/10\/IMG_1642-1536x1152.jpg 1536w, https:\/\/www.deco-fleur.de\/wp-content\/uploads\/2020\/10\/IMG_1642-2048x1536.jpg 2048w, https:\/\/www.deco-fleur.de\/wp-content\/uploads\/2020\/10\/IMG_1642-80x60.jpg 80w\" sizes=\"auto, (max-width: 1024px) 100vw, 1024px\" \/><\/figure><\/li><li class=\"blocks-gallery-item\"><figure><img decoding=\"async\" src=\"https:\/\/www.deco-fleur.de\/wp-content\/uploads\/2020\/10\/IMG_1641-1024x768.jpg\" alt=\"\" data-id=\"895\" data-full-url=\"https:\/\/www.deco-fleur.de\/wp-content\/uploads\/2020\/10\/IMG_1641-scaled.jpg\" data-link=\"https:\/\/www.deco-fleur.de\/?attachment_id=895\" class=\"wp-image-895\"\/><\/figure><\/li><li class=\"blocks-gallery-item\"><figure><img decoding=\"async\" src=\"https:\/\/www.deco-fleur.de\/wp-content\/uploads\/2020\/10\/IMG_1640-1024x768.jpg\" alt=\"\" data-id=\"894\" data-full-url=\"https:\/\/www.deco-fleur.de\/wp-content\/uploads\/2020\/10\/IMG_1640-scaled.jpg\" data-link=\"https:\/\/www.deco-fleur.de\/?attachment_id=894\" class=\"wp-image-894\"\/><\/figure><\/li><li class=\"blocks-gallery-item\"><figure><img decoding=\"async\" src=\"https:\/\/www.deco-fleur.de\/wp-content\/uploads\/2020\/10\/IMG_1639-scaled.jpg\" alt=\"\" data-id=\"893\" data-full-url=\"https:\/\/www.deco-fleur.de\/wp-content\/uploads\/2020\/10\/IMG_1639-scaled.jpg\" data-link=\"https:\/\/www.deco-fleur.de\/?attachment_id=893\" class=\"wp-image-893\"\/><\/figure><\/li><li class=\"blocks-gallery-item\"><figure><img loading=\"lazy\" decoding=\"async\" width=\"1024\" height=\"768\" src=\"https:\/\/www.deco-fleur.de\/wp-content\/uploads\/2020\/10\/IMG_1628-1024x768.jpg\" alt=\"\" data-id=\"892\" data-full-url=\"https:\/\/www.deco-fleur.de\/wp-content\/uploads\/2020\/10\/IMG_1628-scaled.jpg\" data-link=\"https:\/\/www.deco-fleur.de\/?attachment_id=892\" class=\"wp-image-892\" srcset=\"https:\/\/www.deco-fleur.de\/wp-content\/uploads\/2020\/10\/IMG_1628-1024x768.jpg 1024w, https:\/\/www.deco-fleur.de\/wp-content\/uploads\/2020\/10\/IMG_1628-300x225.jpg 300w, https:\/\/www.deco-fleur.de\/wp-content\/uploads\/2020\/10\/IMG_1628-150x113.jpg 150w, https:\/\/www.deco-fleur.de\/wp-content\/uploads\/2020\/10\/IMG_1628-768x576.jpg 768w, https:\/\/www.deco-fleur.de\/wp-content\/uploads\/2020\/10\/IMG_1628-1536x1152.jpg 1536w, https:\/\/www.deco-fleur.de\/wp-content\/uploads\/2020\/10\/IMG_1628-2048x1536.jpg 2048w, https:\/\/www.deco-fleur.de\/wp-content\/uploads\/2020\/10\/IMG_1628-80x60.jpg 80w\" sizes=\"auto, (max-width: 1024px) 100vw, 1024px\" \/><\/figure><\/li><li class=\"blocks-gallery-item\"><figure><img decoding=\"async\" src=\"https:\/\/www.deco-fleur.de\/wp-content\/uploads\/2020\/10\/IMG_1627-scaled.jpg\" alt=\"\" data-id=\"891\" data-full-url=\"https:\/\/www.deco-fleur.de\/wp-content\/uploads\/2020\/10\/IMG_1627-scaled.jpg\" data-link=\"https:\/\/www.deco-fleur.de\/?attachment_id=891\" class=\"wp-image-891\"\/><\/figure><\/li><li class=\"blocks-gallery-item\"><figure><img decoding=\"async\" src=\"https:\/\/www.deco-fleur.de\/wp-content\/uploads\/2020\/10\/IMG_1626-scaled.jpg\" alt=\"\" data-id=\"890\" data-full-url=\"https:\/\/www.deco-fleur.de\/wp-content\/uploads\/2020\/10\/IMG_1626-scaled.jpg\" data-link=\"https:\/\/www.deco-fleur.de\/?attachment_id=890\" class=\"wp-image-890\"\/><\/figure><\/li><li class=\"blocks-gallery-item\"><figure><img decoding=\"async\" src=\"https:\/\/www.deco-fleur.de\/wp-content\/uploads\/2020\/10\/IMG_1625-768x1024.jpg\" alt=\"\" data-id=\"889\" data-full-url=\"https:\/\/www.deco-fleur.de\/wp-content\/uploads\/2020\/10\/IMG_1625-scaled.jpg\" data-link=\"https:\/\/www.deco-fleur.de\/?attachment_id=889\" class=\"wp-image-889\"\/><\/figure><\/li><\/ul><\/figure>\n\n\n\n<p>Eine Genaue Beschriftung und die Preise daf\u00fcr folgen in einem Seperaten Beitrag f\u00fcr euch wor\u00fcber ihr dan auch bestellen k\u00f6nnt.<\/p>\n","protected":false},"excerpt":{"rendered":"<p>Tolle Wohnraumdeko f\u00fcr die festlichen Tage. Die Auswahl an Schwibb\u00f6gen, Stimmungsleuchten, Schneekugeln usw. sind Beleuchtet und haben zum teil eine Busche mit der man die Beleuchtung \u00fcber die Steckdose mit Strom versorgen kann, einen passenden Netzadapter ist auf erh\u00e4ltlich. Eine Genaue Beschriftung und die Preise daf\u00fcr folgen in einem Seperaten Beitrag f\u00fcr euch wor\u00fcber ihr &hellip; <\/p>\n","protected":false},"author":1,"featured_media":0,"parent":0,"menu_order":0,"comment_status":"closed","ping_status":"closed","template":"","meta":{"_monsterinsights_skip_tracking":false,"_monsterinsights_sitenote_active":false,"_monsterinsights_sitenote_note":"","_monsterinsights_sitenote_category":0,"ngg_post_thumbnail":0,"footnotes":""},"class_list":["post-913","page","type-page","status-publish","hentry"],"_links":{"self":[{"href":"https:\/\/www.deco-fleur.de\/index.php?rest_route=\/wp\/v2\/pages\/913","targetHints":{"allow":["GET"]}}],"collection":[{"href":"https:\/\/www.deco-fleur.de\/index.php?rest_route=\/wp\/v2\/pages"}],"about":[{"href":"https:\/\/www.deco-fleur.de\/index.php?rest_route=\/wp\/v2\/types\/page"}],"author":[{"embeddable":true,"href":"https:\/\/www.deco-fleur.de\/index.php?rest_route=\/wp\/v2\/users\/1"}],"replies":[{"embeddable":true,"href":"https:\/\/www.deco-fleur.de\/index.php?rest_route=%2Fwp%2Fv2%2Fcomments&post=913"}],"version-history":[{"count":1,"href":"https:\/\/www.deco-fleur.de\/index.php?rest_route=\/wp\/v2\/pages\/913\/revisions"}],"predecessor-version":[{"id":914,"href":"https:\/\/www.deco-fleur.de\/index.php?rest_route=\/wp\/v2\/pages\/913\/revisions\/914"}],"wp:attachment":[{"href":"https:\/\/www.deco-fleur.de\/index.php?rest_route=%2Fwp%2Fv2%2Fmedia&parent=913"}],"curies":[{"name":"wp","href":"https:\/\/api.w.org\/{rel}","templated":true}]}}